{"id":95,"date":"2023-10-06T18:20:46","date_gmt":"2023-10-06T16:20:46","guid":{"rendered":"https:\/\/247m.net\/?page_id=95"},"modified":"2023-10-06T18:29:59","modified_gmt":"2023-10-06T16:29:59","slug":"mobilite-d-entreprise","status":"publish","type":"page","link":"https:\/\/247m.net\/fr\/mobilite-d-entreprise\/","title":{"rendered":"Mobilit\u00e9 d'entreprise"},"content":{"rendered":"<div class=\"wp-block-group alignfull has-raft-bg-alt-background-color has-background is-layout-constrained wp-block-group-is-layout-constrained\" style=\"margin-top:0px;margin-bottom:0px;padding-top:64px;padding-bottom:64px\">\n<div class=\"wp-block-group alignwide is-layout-flow wp-block-group-is-layout-flow\">\n<div class=\"wp-block-columns is-layout-flex wp-container-core-columns-is-layout-28f84493 wp-block-columns-is-layout-flex\">\n<div class=\"wp-block-column is-vertically-aligned-center is-layout-flow wp-block-column-is-layout-flow\">\n<h4 class=\"wp-block-heading\">Mobile Device Management (MDM)<\/h4>\n\n\n\n<p>Depuis 2008, Amaury Lambrecht accompagne les entreprises dans la gestion de leur parc de terminaux mobiles, initialement compos\u00e9 de smartphones BlackBerry et rapidement \u00e9tendu aux appareils mobiles Apple iPhone\/iPad et Android.<\/p>\n\n\n\n<h4 class=\"wp-block-heading\">Enterprise Mobility Management (EMM)<\/h4>\n\n\n\n<p>Pouss\u00e9es par l'adoption des terminaux personnels (BYOD), les plateformes MDM ont \u00e9volu\u00e9 vers la gestion des applications (MAM), du contenu (MCM) et des identit\u00e9s (MIM) plut\u00f4t que de l'appareil lui-m\u00eame. <\/p>\n\n\n\n<p>Gr\u00e2ce \u00e0 la technique de conteneurisation des applications, il est \u00e9galement devenu possible de cr\u00e9er des \u00ab bulles s\u00e9curis\u00e9es \u00bb dans un t\u00e9l\u00e9phone pour cr\u00e9er une fronti\u00e8re entre applications personnelles et professionnelles.<\/p>\n\n\n\n<p>En 2012, l\u2019acronyme \u00ab EMM \u00bb s'est impos\u00e9 pour d\u00e9signer les plateformes de gestion combinant ces fonctionnalit\u00e9s.<\/p>\n\n\n\n<h4 class=\"wp-block-heading\">Unified Endpoint Management (UEM)<\/h4>\n\n\n\n<p>Au-del\u00e0 des smartphones et tablettes, la derni\u00e8re \u00e9volution des plateformes de gestion int\u00e8gre tous les objets connect\u00e9s (ordinateurs portables\/de bureau, imprimantes, IoT, \u2026) , permettant de g\u00e9rer et s\u00e9curiser tous types d'appareils \u00e0 partir d'une seule console. Depuis 2014, l\u2019acronyme \u00ab UEM \u00bb est utilis\u00e9 pour d\u00e9signer de telles plateformes. <\/p>\n\n\n\n<h3 class=\"wp-block-heading\">Notre expertise<\/h3>\n\n\n\n<p>Ayant accompagn\u00e9 de nombreuses organisations tout au long des 15 ann\u00e9es d'\u00e9volution de ces plateformes, nous disposons d'une riche expertise multi-produits et multi-environnements, apport\u00e9e \u00e0 de grandes organisations telles que AG Insurance, BNP Paribas, Bouygues, Credit Suisse, Natixis, Soci\u00e9t\u00e9 G\u00e9n\u00e9rale, ainsi que diverses petites et moyennes entreprises. <\/p>\n\n\n\n<p>Aujourd'hui, nos activit\u00e9s se portent principalement sur les plateformes BlackBerry UEM et Microsoft Intune, et sur des fonctionnalit\u00e9s telles qu'Android Enterprise, Android Zero Touch, Apple Volume Purchase Program (VPP), Apple Device Enrollment Program (DEP), Kerberos single sign-on incluant l'authentification par certificats (PKINIT) ou la d\u00e9l\u00e9gation restreinte (KCD). Cependant, nous sommes toujours pr\u00eats \u00e0 relever de nouveaux d\u00e9fis !<\/p>\n\n\n\n<p> <\/p>\n<\/div>\n\n\n\n<div class=\"wp-block-column is-layout-flow wp-block-column-is-layout-flow\">\n<figure class=\"wp-block-image size-large\"><img decoding=\"async\" src=\"https:\/\/247m.net\/wp-content\/themes\/raft\/assets\/img\/shape-06.svg\" alt=\"\"\/><\/figure>\n<\/div>\n<\/div>\n<\/div>\n<\/div>","protected":false},"excerpt":{"rendered":"<p>Mobile Device Management (MDM) Since 2008, Amaury Lambrecht is supporting companies with the management of their mobile terminal fleet, initially composed of BlackBerry smartphones and soon extended to Apple iPhone\/iPad and Android-based mobile devices. Enterprise Mobility Management (EMM) Driven by the adoption of personally owned terminals (BYOD), MDM platforms have evolved towards managing applications (MAM), [&hellip;]<\/p>\n","protected":false},"author":1,"featured_media":0,"parent":0,"menu_order":0,"comment_status":"closed","ping_status":"closed","template":"","meta":{"_themeisle_gutenberg_block_has_review":false,"footnotes":""},"class_list":["post-95","page","type-page","status-publish","hentry"],"aioseo_notices":[],"_links":{"self":[{"href":"https:\/\/247m.net\/fr\/wp-json\/wp\/v2\/pages\/95","targetHints":{"allow":["GET"]}}],"collection":[{"href":"https:\/\/247m.net\/fr\/wp-json\/wp\/v2\/pages"}],"about":[{"href":"https:\/\/247m.net\/fr\/wp-json\/wp\/v2\/types\/page"}],"author":[{"embeddable":true,"href":"https:\/\/247m.net\/fr\/wp-json\/wp\/v2\/users\/1"}],"replies":[{"embeddable":true,"href":"https:\/\/247m.net\/fr\/wp-json\/wp\/v2\/comments?post=95"}],"version-history":[{"count":2,"href":"https:\/\/247m.net\/fr\/wp-json\/wp\/v2\/pages\/95\/revisions"}],"predecessor-version":[{"id":101,"href":"https:\/\/247m.net\/fr\/wp-json\/wp\/v2\/pages\/95\/revisions\/101"}],"wp:attachment":[{"href":"https:\/\/247m.net\/fr\/wp-json\/wp\/v2\/media?parent=95"}],"curies":[{"name":"wp","href":"https:\/\/api.w.org\/{rel}","templated":true}]}}