{"id":3,"date":"2023-09-28T21:07:41","date_gmt":"2023-09-28T20:07:41","guid":{"rendered":"https:\/\/247m.net\/?page_id=3"},"modified":"2023-09-29T19:54:44","modified_gmt":"2023-09-29T18:54:44","slug":"politique-de-confidentialite","status":"publish","type":"page","link":"https:\/\/247m.net\/fr\/politique-de-confidentialite\/","title":{"rendered":"Politique de confidentialit\u00e9"},"content":{"rendered":"<h2 class=\"wp-block-heading\">Objet<\/h2>\n\n\n\n<p>Cette politique de confidentialit\u00e9 s'applique au site Web 247m.net exploit\u00e9 par et pour 247M SRL, une soci\u00e9t\u00e9 priv\u00e9e de droit belge.<\/p>\n\n\n\n<h2 class=\"wp-block-heading\">Donn\u00e9es collect\u00e9es et finalit\u00e9<\/h2>\n\n\n\n<p>Nous collectons les informations personnelles que vous nous fournissez sur une base volontaire si vous utilisez ce site Internet pour nous envoyer une demande de contact. Sont ainsi collect\u00e9s :<\/p>\n\n\n\n<p class=\"translation-block\">Vos noms et pr\u00e9nom\nVotre adresse e-mail, num\u00e9ro de t\u00e9l\u00e9phone\nToute autre information que vous nous fournissez volontairement sous forme de commentaire.<\/p>\n\n\n\n<p>Dans le cadre de l\u2019analyse statistique des visites du site et pour son am\u00e9lioration, nous pouvons \u00e9galement collecter les informations suivantes d\u00e9tect\u00e9es automatiquement :<\/p>\n\n\n\n<p class=\"translation-block\">l'adresse IP qui vous a \u00e9t\u00e9 attribu\u00e9e\nla date et l'heure d'acc\u00e8s \u00e0 notre site\nles pages consult\u00e9es sur notre site\nle moteur de recherche et les mots-cl\u00e9s utilis\u00e9s pour trouver notre site\nle type de navigateur, de plate-forme et de syst\u00e8me d'exploitation utilis\u00e9<\/p>\n\n\n\n<h2 class=\"wp-block-heading\">Dur\u00e9e de conservation<\/h2>\n\n\n\n<p>Vos donn\u00e9es seront conserv\u00e9es pendant le temps n\u00e9cessaire \u00e0 la r\u00e9alisation des finalit\u00e9s \u00e9num\u00e9r\u00e9es ci-dessus, et le temps n\u00e9cessaire au respect de nos obligations l\u00e9gales.<\/p>\n\n\n\n<h2 class=\"wp-block-heading\">S\u00e9curit\u00e9 et confidentialit\u00e9<\/h2>\n\n\n\n<p>Toutes les mesures, y compris les transmissions par cryptage complet (SSL) depuis\/vers notre site, sont prises pour assurer la s\u00e9curit\u00e9 et la confidentialit\u00e9 des donn\u00e9es que vous nous transmettez.<\/p>\n\n\n\n<p>Vos donn\u00e9es personnelles ne seront transmises \u00e0 aucun tiers, \u00e0 l'exception de nos sous-traitants utilis\u00e9s pour traiter les statistiques du site. Ces sous-traitants n'utiliseront vos donn\u00e9es que pour la r\u00e9alisation exclusive de la finalit\u00e9 pour laquelle elles ont \u00e9t\u00e9 collect\u00e9es, et en totale conformit\u00e9 avec le R\u00e8glement G\u00e9n\u00e9ral Europ\u00e9en sur la Protection des Donn\u00e9es (RGPD)<\/p>\n\n\n\n<h2 class=\"wp-block-heading\">Exercice de vos droits<\/h2>\n\n\n\n<p>Vous avez le droit d'acc\u00e9der \u00e0 vos donn\u00e9es personnelles et de demander la rectification des donn\u00e9es erron\u00e9es, inexactes ou incompl\u00e8tes. Vous pouvez \u00e9galement vous opposer \u00e0 l'utilisation de vos donn\u00e9es ou demander leur suppression.<\/p>\n\n\n\n<p>Le responsable du traitement de vos donn\u00e9es est : Amaury Lambrecht, 247M SRL, Square des Conduites d'Eau 1 b\u00e2timent K, 4020 Li\u00e8ge, Belgique.<\/p>\n\n\n\n<p>De plus amples informations sur vos droits et la protection de la vie priv\u00e9e peuvent \u00eatre obtenues aupr\u00e8s de l'Autorit\u00e9 de protection des donn\u00e9es (www.autoriteprotectiondonnees.be).<\/p>\n\n\n\n<h2 class=\"wp-block-heading\">Cookies<\/h2>\n\n\n\n<p>Les cookies permettent \u00e0 notre site de reconna\u00eetre votre navigateur. Notre site utilise les types de cookies suivants :<\/p>\n\n\n\n<p>Cookies techniques : Ceux-ci permettent \u00e0 notre site de fonctionner correctement et de conserver vos pr\u00e9f\u00e9rences, comme les param\u00e8tres de langue.<br>Cookies analytiques : Nous utilisons ces cookies pour comprendre comment nos utilisateurs naviguent sur le site afin de l'optimiser et de l'am\u00e9liorer.<\/p>\n\n\n\n<h2 class=\"wp-block-heading\">R\u00e9visions<\/h2>\n\n\n\n<p>Cette charte pourra \u00eatre r\u00e9vis\u00e9e en fonction de l'\u00e9volution du site et des services accessibles par son interm\u00e9diaire, de l'\u00e9volution de la l\u00e9gislation, ou de toute autre raison l\u00e9gitime. Ces modifications seront affich\u00e9es sur notre site et prendront effet trente jours apr\u00e8s leur publication.<br>These changes will be posted on our site and will take effect thirty days after their publication.<\/p>","protected":false},"excerpt":{"rendered":"<p>Object This privacy policy applies to the website 247m.net operated by and for 247M SRL, a privately held company incorporated under Belgian Law. Collected data and finality We collect personal information that you provide to us on a voluntary basis if you use this website to send us a contact request. Are thus collected: Your [&hellip;]<\/p>\n","protected":false},"author":1,"featured_media":0,"parent":0,"menu_order":0,"comment_status":"closed","ping_status":"closed","template":"","meta":{"_themeisle_gutenberg_block_has_review":false,"footnotes":""},"class_list":["post-3","page","type-page","status-publish","hentry"],"aioseo_notices":[],"_links":{"self":[{"href":"https:\/\/247m.net\/fr\/wp-json\/wp\/v2\/pages\/3","targetHints":{"allow":["GET"]}}],"collection":[{"href":"https:\/\/247m.net\/fr\/wp-json\/wp\/v2\/pages"}],"about":[{"href":"https:\/\/247m.net\/fr\/wp-json\/wp\/v2\/types\/page"}],"author":[{"embeddable":true,"href":"https:\/\/247m.net\/fr\/wp-json\/wp\/v2\/users\/1"}],"replies":[{"embeddable":true,"href":"https:\/\/247m.net\/fr\/wp-json\/wp\/v2\/comments?post=3"}],"version-history":[{"count":0,"href":"https:\/\/247m.net\/fr\/wp-json\/wp\/v2\/pages\/3\/revisions"}],"wp:attachment":[{"href":"https:\/\/247m.net\/fr\/wp-json\/wp\/v2\/media?parent=3"}],"curies":[{"name":"wp","href":"https:\/\/api.w.org\/{rel}","templated":true}]}}