{"id":105,"date":"2023-10-07T09:35:09","date_gmt":"2023-10-07T07:35:09","guid":{"rendered":"https:\/\/247m.net\/?page_id=105"},"modified":"2025-05-18T14:25:21","modified_gmt":"2025-05-18T12:25:21","slug":"cybersecurite","status":"publish","type":"page","link":"https:\/\/247m.net\/fr\/cybersecurite\/","title":{"rendered":"Cybers\u00e9curit\u00e9"},"content":{"rendered":"<div class=\"wp-block-group alignfull has-raft-bg-alt-background-color has-background is-layout-constrained wp-block-group-is-layout-constrained\" style=\"margin-top:0px;margin-bottom:0px;padding-top:64px;padding-bottom:64px\">\n<div class=\"wp-block-group alignwide is-layout-flow wp-block-group-is-layout-flow\">\n<div class=\"wp-block-columns is-layout-flex wp-container-core-columns-is-layout-28f84493 wp-block-columns-is-layout-flex\">\n<div class=\"wp-block-column is-vertically-aligned-center is-layout-flow wp-block-column-is-layout-flow\">\n<p>Aucune organisation, quelle que soit sa taille, n'\u00e9chappe aujourd'hui \u00e0 l'app\u00e9tit des cybercriminels.<\/p>\n\n\n\n<p>L'usurpation d'identit\u00e9 visant \u00e0 d\u00e9rober vos comptes bancaires, le blocage de vos syst\u00e8mes informatiques avec demande de ran\u00e7on, ou l'exfiltration de donn\u00e9es confidentielles pour \u00eatre revendues \u00e0 des tiers, sont quelques-uns des p\u00e9rils qui vous guettent.<\/p>\n\n\n\n<p>Face \u00e0 l'ensemble des risques, un consultant en cybers\u00e9curit\u00e9 pourra \u00e9valuer les risques sp\u00e9cifiques susceptibles d'affecter votre entreprise et leur impact potentiel sur son activit\u00e9, afin de compl\u00e9ter si n\u00e9cessaire vos d\u00e9fenses existantes par des m\u00e9canismes adapt\u00e9s.<\/p>\n\n\n\n<p>Notre approche est pragmatique, tant en ce qui concerne l'\u00e9quilibre \u00e0 trouver entre la facilit\u00e9 d'utilisation et les contraintes inh\u00e9rentes \u00e0 la s\u00e9curit\u00e9, que le choix de services pertinents et proportionn\u00e9s \u00e0 la taille de votre organisation.<\/p>\n\n\n\n<p>Compl\u00e8tement ind\u00e9pendant de tout vendeur de produits de cyber s\u00e9curit\u00e9, nous nous efforcerons toujours de s\u00e9lectionner ceux qui sont r\u00e9ellement les plus adapt\u00e9s \u00e0 votre situation.<\/p>\n<\/div>\n\n\n\n<div class=\"wp-block-column is-layout-flow wp-block-column-is-layout-flow\">\n<figure class=\"wp-block-image size-large\"><img decoding=\"async\" src=\"https:\/\/247m.net\/wp-content\/themes\/raft\/assets\/img\/shape-05.svg\" alt=\"\"\/><\/figure>\n<\/div>\n<\/div>\n<\/div>\n<\/div>","protected":false},"excerpt":{"rendered":"<p>No organization, regardless of its size, escapes the appetite of cybercriminals today. Identity theft aimed at stealing your bank accounts, blocking of your computer systems with ransom demands, or the exfiltration of confidential data to be resold to third parties, are some of the threats awaiting you. Against the risks, a cybersecurity consultant will be [&hellip;]<\/p>\n","protected":false},"author":1,"featured_media":0,"parent":0,"menu_order":0,"comment_status":"closed","ping_status":"closed","template":"","meta":{"_themeisle_gutenberg_block_has_review":false,"footnotes":""},"class_list":["post-105","page","type-page","status-publish","hentry"],"aioseo_notices":[],"_links":{"self":[{"href":"https:\/\/247m.net\/fr\/wp-json\/wp\/v2\/pages\/105","targetHints":{"allow":["GET"]}}],"collection":[{"href":"https:\/\/247m.net\/fr\/wp-json\/wp\/v2\/pages"}],"about":[{"href":"https:\/\/247m.net\/fr\/wp-json\/wp\/v2\/types\/page"}],"author":[{"embeddable":true,"href":"https:\/\/247m.net\/fr\/wp-json\/wp\/v2\/users\/1"}],"replies":[{"embeddable":true,"href":"https:\/\/247m.net\/fr\/wp-json\/wp\/v2\/comments?post=105"}],"version-history":[{"count":1,"href":"https:\/\/247m.net\/fr\/wp-json\/wp\/v2\/pages\/105\/revisions"}],"predecessor-version":[{"id":106,"href":"https:\/\/247m.net\/fr\/wp-json\/wp\/v2\/pages\/105\/revisions\/106"}],"wp:attachment":[{"href":"https:\/\/247m.net\/fr\/wp-json\/wp\/v2\/media?parent=105"}],"curies":[{"name":"wp","href":"https:\/\/api.w.org\/{rel}","templated":true}]}}